{"id":576,"date":"2020-04-18T09:29:46","date_gmt":"2020-04-18T07:29:46","guid":{"rendered":"https:\/\/www.somterra.cat\/?page_id=576"},"modified":"2025-09-18T12:54:18","modified_gmt":"2025-09-18T10:54:18","slug":"home","status":"publish","type":"page","link":"https:\/\/www.somterra.cat\/es\/","title":{"rendered":"Inici"},"content":{"rendered":"<div data-elementor-type=\"wp-post\" data-elementor-id=\"576\" class=\"elementor elementor-576\">\n\t\t\t\t\t\t\t\t\t<section class=\"elementor-section elementor-top-section elementor-element elementor-element-72a0fdd6 elementor-section-stretched elementor-section-height-min-height aux-appear-watch-animation aux-fade-in-down elementor-section-items-stretch elementor-section-boxed elementor-section-height-default\" data-id=\"72a0fdd6\" data-element_type=\"section\" data-settings=\"{&quot;stretch_section&quot;:&quot;section-stretched&quot;,&quot;background_background&quot;:&quot;slideshow&quot;,&quot;background_slideshow_gallery&quot;:[{&quot;id&quot;:604,&quot;url&quot;:&quot;https:\\\/\\\/www.somterra.cat\\\/wp-content\\\/uploads\\\/2023\\\/11\\\/Diseno-sin-titulo-2.jpg&quot;}],&quot;background_slideshow_loop&quot;:&quot;yes&quot;,&quot;background_slideshow_slide_duration&quot;:5000,&quot;background_slideshow_slide_transition&quot;:&quot;fade&quot;,&quot;background_slideshow_transition_duration&quot;:500}\">\n\t\t\t\t\t\t<div class=\"elementor-container elementor-column-gap-no\">\n\t\t\t\t\t<div class=\"aux-parallax-section elementor-column elementor-col-100 elementor-top-column elementor-element elementor-element-21451e44\" data-id=\"21451e44\" data-element_type=\"column\">\n\t\t\t<div class=\"elementor-widget-wrap elementor-element-populated\">\n\t\t\t\t\t\t\t\t<div class=\"elementor-element elementor-element-336eafb0 aux-appear-watch-animation aux-fade-in-right-2 elementor-widget elementor-widget-aux_modern_heading\" data-id=\"336eafb0\" data-element_type=\"widget\" data-widget_type=\"aux_modern_heading.default\">\n\t\t\t\t<div class=\"elementor-widget-container\">\n\t\t\t<section class=\"aux-widget-modern-heading\">\n            <div class=\"aux-widget-inner\"><h4 class=\"aux-modern-heading-primary\"><\/h4><div class=\"aux-modern-heading-divider\"><\/div><h1 class=\"aux-modern-heading-secondary\"><span class=\"aux-head-before\">Jardiner\u00eda y<br>Servicios forestales<\/span><\/h1><\/div>\n        <\/section>\t\t<\/div>\n\t\t\t\t<\/div>\n\t\t\t\t\t<\/div>\n\t\t<\/div>\n\t\t\t\t\t\t\t<\/div>\n\t\t<\/section>\n\t\t\t\t<section class=\"elementor-section elementor-top-section elementor-element elementor-element-177d82f0 elementor-section-content-middle elementor-section-boxed elementor-section-height-default elementor-section-height-default\" data-id=\"177d82f0\" data-element_type=\"section\">\n\t\t\t\t\t\t<div class=\"elementor-container elementor-column-gap-extended\">\n\t\t\t\t\t<div class=\"aux-parallax-section elementor-column elementor-col-50 elementor-top-column elementor-element elementor-element-7bcab9b9\" data-id=\"7bcab9b9\" data-element_type=\"column\">\n\t\t\t<div class=\"elementor-widget-wrap elementor-element-populated\">\n\t\t\t\t\t\t\t\t<div class=\"elementor-element elementor-element-4616b3cd aux-appear-watch-animation aux-fade-in-up elementor-widget elementor-widget-aux_modern_heading\" data-id=\"4616b3cd\" data-element_type=\"widget\" data-widget_type=\"aux_modern_heading.default\">\n\t\t\t\t<div class=\"elementor-widget-container\">\n\t\t\t<section class=\"aux-widget-modern-heading\">\n            <div class=\"aux-widget-inner\"><h2 class=\"aux-modern-heading-primary\">BIENVENIDOS<\/h2><h3 class=\"aux-modern-heading-secondary\"><span class=\"aux-head-before\">a SomTerra<\/span><\/h3><div class=\"aux-modern-heading-divider\"><\/div><div class=\"aux-modern-heading-description\"><p>Nos especializamos en Jardiner\u00eda y servicios forestales.<br \/><br \/><br \/>-Poda d'al\u00e7ada<br \/>-Tala d'arbres<br \/>-Desbrossaments verticals<br \/>-Altres treballs forestals i jardiner\u00eda<br \/>(Especialitzats en al\u00e7ada).<\/p><\/div><\/div>\n        <\/section>\t\t<\/div>\n\t\t\t\t<\/div>\n\t\t\t\t<div class=\"elementor-element elementor-element-627ab59 elementor-widget elementor-widget-aux_modern_button\" data-id=\"627ab59\" data-element_type=\"widget\" data-widget_type=\"aux_modern_button.default\">\n\t\t\t\t<div class=\"elementor-widget-container\">\n\t\t\t    <div class=\"aux-modern-button-wrapper aux-modern-button-align-left\" >\n                    <a class=\"aux-modern-button aux-black aux-modern-button-md aux-modern-button-normal aux-modern-button-outline aux-icon-\" href=\"https:\/\/www.somterra.cat\/es\/contact-us\/\">\n                <div class=\"aux-overlay\"><\/div>\n                                    <div class=\"aux-icon\">\n                                            <\/div>\n                                <div class=\"aux-text\">\n<span class=\"aux-text-before\">M\u00e1s informaci\u00f3n<\/span>                <\/div>\n            <\/a>\n            \n    <\/div>\n\n    \t\t<\/div>\n\t\t\t\t<\/div>\n\t\t\t\t\t<\/div>\n\t\t<\/div>\n\t\t\t\t<div class=\"aux-parallax-section elementor-column elementor-col-25 elementor-top-column elementor-element elementor-element-59212b16 aux-appear-watch-animation aux-fade-in-right-1\" data-id=\"59212b16\" data-element_type=\"column\">\n\t\t\t<div class=\"elementor-widget-wrap elementor-element-populated\">\n\t\t\t\t\t\t\t\t<div class=\"elementor-element elementor-element-7114cf2f elementor-widget elementor-widget-aux_image\" data-id=\"7114cf2f\" data-element_type=\"widget\" data-widget_type=\"aux_image.default\">\n\t\t\t\t<div class=\"elementor-widget-container\">\n\t\t\t<section class=\"widget-container aux-widget-image aux-alignnone aux-parent-au13104512\">\n    <div class=\"aux-media-hint-frame\">\n        <div class=\"aux-media-image\" >\n        \n            \n\n            \n            <img loading=\"lazy\" decoding=\"async\" width=\"377\" height=\"700\" src=\"image\/gif;base64,R0lGODlhAQABAIAAAAAAAP\/\/\/yH5BAEAAAAALAAAAAABAAEAAAIBRAA7\" class=\"aux-attachment aux-featured-image aux-attachment-id-620 aux-preload aux-blank\" alt=\"2\" data-ratio=\"0.54\" data-original-w=\"768\" sizes=\"auto\" data-srcset=\"https:\/\/www.somterra.cat\/wp-content\/uploads\/2023\/11\/2-150x279.png 150w,https:\/\/www.somterra.cat\/wp-content\/uploads\/2023\/11\/2-300x557.png 300w,https:\/\/www.somterra.cat\/wp-content\/uploads\/2023\/11\/2-377x700.png 377w\" data-src=\"https:\/\/www.somterra.cat\/wp-content\/uploads\/2023\/11\/2-377x700.png\" \/>            \n                <\/div>\n    <\/div>\n\n<\/section><!-- widget-container -->\t\t<\/div>\n\t\t\t\t<\/div>\n\t\t\t\t\t<\/div>\n\t\t<\/div>\n\t\t\t\t<div class=\"aux-parallax-section elementor-column elementor-col-25 elementor-top-column elementor-element elementor-element-3cead55a aux-appear-watch-animation aux-fade-in-right-1\" data-id=\"3cead55a\" data-element_type=\"column\">\n\t\t\t<div class=\"elementor-widget-wrap elementor-element-populated\">\n\t\t\t\t\t\t\t\t<div class=\"elementor-element elementor-element-5df80c85 elementor-widget elementor-widget-aux_image\" data-id=\"5df80c85\" data-element_type=\"widget\" data-widget_type=\"aux_image.default\">\n\t\t\t\t<div class=\"elementor-widget-container\">\n\t\t\t<section class=\"widget-container aux-widget-image aux-alignnone aux-parent-au372dd54f\">\n    <div class=\"aux-media-hint-frame\">\n        <div class=\"aux-media-image\" >\n        \n            \n\n            \n            <img loading=\"lazy\" decoding=\"async\" width=\"377\" height=\"700\" src=\"image\/gif;base64,R0lGODlhAQABAIAAAAAAAP\/\/\/yH5BAEAAAAALAAAAAABAAEAAAIBRAA7\" class=\"aux-attachment aux-featured-image aux-attachment-id-623 aux-preload aux-blank\" alt=\"Dise\u00f1o sin t\u00edtulo - 1\" data-ratio=\"0.54\" data-original-w=\"768\" sizes=\"auto\" data-srcset=\"https:\/\/www.somterra.cat\/wp-content\/uploads\/2023\/11\/1-150x279.jpg 150w,https:\/\/www.somterra.cat\/wp-content\/uploads\/2023\/11\/1-300x557.jpg 300w,https:\/\/www.somterra.cat\/wp-content\/uploads\/2023\/11\/1-377x700.jpg 377w\" data-src=\"https:\/\/www.somterra.cat\/wp-content\/uploads\/2023\/11\/1-377x700.jpg\" \/>            \n                <\/div>\n    <\/div>\n\n<\/section><!-- widget-container -->\t\t<\/div>\n\t\t\t\t<\/div>\n\t\t\t\t\t<\/div>\n\t\t<\/div>\n\t\t\t\t\t\t\t<\/div>\n\t\t<\/section>\n\t\t\t\t<section class=\"elementor-section elementor-top-section elementor-element elementor-element-472d569 elementor-section-boxed elementor-section-height-default elementor-section-height-default\" data-id=\"472d569\" data-element_type=\"section\">\n\t\t\t\t\t\t<div class=\"elementor-container elementor-column-gap-default\">\n\t\t\t\t\t<div class=\"aux-parallax-section elementor-column elementor-col-100 elementor-top-column elementor-element elementor-element-36f222b\" data-id=\"36f222b\" data-element_type=\"column\">\n\t\t\t<div class=\"elementor-widget-wrap elementor-element-populated\">\n\t\t\t\t\t\t\t\t<div class=\"elementor-element elementor-element-2772482 elementor-widget elementor-widget-aux_modern_heading\" data-id=\"2772482\" data-element_type=\"widget\" data-widget_type=\"aux_modern_heading.default\">\n\t\t\t\t<div class=\"elementor-widget-container\">\n\t\t\t<section class=\"aux-widget-modern-heading\">\n            <div class=\"aux-widget-inner\"><h2 class=\"aux-modern-heading-primary\">Aguns dels nostres treballs<\/h2><h3 class=\"aux-modern-heading-secondary\"><span class=\"aux-head-before\">Galeria<\/span><\/h3><div class=\"aux-modern-heading-divider\"><\/div><\/div>\n        <\/section>\t\t<\/div>\n\t\t\t\t<\/div>\n\t\t\t\t\t<\/div>\n\t\t<\/div>\n\t\t\t\t\t\t\t<\/div>\n\t\t<\/section>\n\t\t\t\t<section class=\"elementor-section elementor-top-section elementor-element elementor-element-414ab0e elementor-section-boxed elementor-section-height-default elementor-section-height-default\" data-id=\"414ab0e\" data-element_type=\"section\">\n\t\t\t\t\t\t<div class=\"elementor-container elementor-column-gap-narrow\">\n\t\t\t\t\t<div class=\"aux-parallax-section elementor-column elementor-col-100 elementor-top-column elementor-element elementor-element-07abf78\" data-id=\"07abf78\" data-element_type=\"column\">\n\t\t\t<div class=\"elementor-widget-wrap elementor-element-populated\">\n\t\t\t\t\t\t\t\t<div class=\"elementor-element elementor-element-b3a9711 gallery-spacing-custom elementor-widget elementor-widget-image-gallery\" data-id=\"b3a9711\" data-element_type=\"widget\" data-widget_type=\"image-gallery.default\">\n\t\t\t\t<div class=\"elementor-widget-container\">\n\t\t\t\t\t<div class=\"elementor-image-gallery\">\n\t\t\t<div id='gallery-1' class='gallery galleryid-576 gallery-columns-4 gallery-size-medium'><figure class='gallery-item'>\n\t\t\t<div class='gallery-icon portrait'>\n\t\t\t\t<a data-elementor-open-lightbox=\"yes\" data-elementor-lightbox-slideshow=\"b3a9711\" data-elementor-lightbox-title=\"PHOTO-2024-02-08-22-14-01\" data-e-action-hash=\"#elementor-action%3Aaction%3Dlightbox%26settings%3DeyJpZCI6NzA2LCJ1cmwiOiJodHRwczpcL1wvd3d3LnNvbXRlcnJhLmNhdFwvd3AtY29udGVudFwvdXBsb2Fkc1wvMjAyNFwvMDJcL1BIT1RPLTIwMjQtMDItMDgtMjItMTQtMDEuanBnIiwic2xpZGVzaG93IjoiYjNhOTcxMSJ9\" href='https:\/\/www.somterra.cat\/wp-content\/uploads\/2024\/02\/PHOTO-2024-02-08-22-14-01.jpg'><img loading=\"lazy\" decoding=\"async\" width=\"300\" height=\"300\" src=\"https:\/\/www.somterra.cat\/wp-content\/uploads\/2024\/02\/PHOTO-2024-02-08-22-14-01-300x300.jpg\" class=\"attachment-medium size-medium\" alt=\"\" srcset=\"https:\/\/www.somterra.cat\/wp-content\/uploads\/2024\/02\/PHOTO-2024-02-08-22-14-01-300x300.jpg 300w, https:\/\/www.somterra.cat\/wp-content\/uploads\/2024\/02\/PHOTO-2024-02-08-22-14-01-1024x1024.jpg 1024w, https:\/\/www.somterra.cat\/wp-content\/uploads\/2024\/02\/PHOTO-2024-02-08-22-14-01-150x150.jpg 150w, https:\/\/www.somterra.cat\/wp-content\/uploads\/2024\/02\/PHOTO-2024-02-08-22-14-01-768x768.jpg 768w\" sizes=\"auto, (max-width: 300px) 100vw, 300px\" \/><\/a>\n\t\t\t<\/div><\/figure><figure class='gallery-item'>\n\t\t\t<div class='gallery-icon portrait'>\n\t\t\t\t<a data-elementor-open-lightbox=\"yes\" data-elementor-lightbox-slideshow=\"b3a9711\" data-elementor-lightbox-title=\"1\" data-e-action-hash=\"#elementor-action%3Aaction%3Dlightbox%26settings%3DeyJpZCI6NzA1LCJ1cmwiOiJodHRwczpcL1wvd3d3LnNvbXRlcnJhLmNhdFwvd3AtY29udGVudFwvdXBsb2Fkc1wvMjAyNFwvMDJcLzEuanBlZyIsInNsaWRlc2hvdyI6ImIzYTk3MTEifQ%3D%3D\" href='https:\/\/www.somterra.cat\/wp-content\/uploads\/2024\/02\/1.jpeg'><img loading=\"lazy\" decoding=\"async\" width=\"300\" height=\"300\" src=\"https:\/\/www.somterra.cat\/wp-content\/uploads\/2024\/02\/1-300x300.jpeg\" class=\"attachment-medium size-medium\" alt=\"\" srcset=\"https:\/\/www.somterra.cat\/wp-content\/uploads\/2024\/02\/1-300x300.jpeg 300w, https:\/\/www.somterra.cat\/wp-content\/uploads\/2024\/02\/1-1024x1024.jpeg 1024w, https:\/\/www.somterra.cat\/wp-content\/uploads\/2024\/02\/1-150x150.jpeg 150w, https:\/\/www.somterra.cat\/wp-content\/uploads\/2024\/02\/1-768x768.jpeg 768w\" sizes=\"auto, (max-width: 300px) 100vw, 300px\" \/><\/a>\n\t\t\t<\/div><\/figure><figure class='gallery-item'>\n\t\t\t<div class='gallery-icon portrait'>\n\t\t\t\t<a data-elementor-open-lightbox=\"yes\" data-elementor-lightbox-slideshow=\"b3a9711\" data-elementor-lightbox-title=\"2\" data-e-action-hash=\"#elementor-action%3Aaction%3Dlightbox%26settings%3DeyJpZCI6NzA0LCJ1cmwiOiJodHRwczpcL1wvd3d3LnNvbXRlcnJhLmNhdFwvd3AtY29udGVudFwvdXBsb2Fkc1wvMjAyNFwvMDJcLzIuanBlZyIsInNsaWRlc2hvdyI6ImIzYTk3MTEifQ%3D%3D\" href='https:\/\/www.somterra.cat\/wp-content\/uploads\/2024\/02\/2.jpeg'><img loading=\"lazy\" decoding=\"async\" width=\"300\" height=\"300\" src=\"https:\/\/www.somterra.cat\/wp-content\/uploads\/2024\/02\/2-300x300.jpeg\" class=\"attachment-medium size-medium\" alt=\"\" srcset=\"https:\/\/www.somterra.cat\/wp-content\/uploads\/2024\/02\/2-300x300.jpeg 300w, https:\/\/www.somterra.cat\/wp-content\/uploads\/2024\/02\/2-1024x1024.jpeg 1024w, https:\/\/www.somterra.cat\/wp-content\/uploads\/2024\/02\/2-150x150.jpeg 150w, https:\/\/www.somterra.cat\/wp-content\/uploads\/2024\/02\/2-768x768.jpeg 768w\" sizes=\"auto, (max-width: 300px) 100vw, 300px\" \/><\/a>\n\t\t\t<\/div><\/figure><figure class='gallery-item'>\n\t\t\t<div class='gallery-icon portrait'>\n\t\t\t\t<a data-elementor-open-lightbox=\"yes\" data-elementor-lightbox-slideshow=\"b3a9711\" data-elementor-lightbox-title=\"q4\" data-e-action-hash=\"#elementor-action%3Aaction%3Dlightbox%26settings%3DeyJpZCI6NzAwLCJ1cmwiOiJodHRwczpcL1wvd3d3LnNvbXRlcnJhLmNhdFwvd3AtY29udGVudFwvdXBsb2Fkc1wvMjAyNFwvMDJcL3E0LmpwZWciLCJzbGlkZXNob3ciOiJiM2E5NzExIn0%3D\" href='https:\/\/www.somterra.cat\/wp-content\/uploads\/2024\/02\/q4.jpeg'><img loading=\"lazy\" decoding=\"async\" width=\"300\" height=\"300\" src=\"https:\/\/www.somterra.cat\/wp-content\/uploads\/2024\/02\/q4-300x300.jpeg\" class=\"attachment-medium size-medium\" alt=\"\" srcset=\"https:\/\/www.somterra.cat\/wp-content\/uploads\/2024\/02\/q4-300x300.jpeg 300w, https:\/\/www.somterra.cat\/wp-content\/uploads\/2024\/02\/q4-1024x1024.jpeg 1024w, https:\/\/www.somterra.cat\/wp-content\/uploads\/2024\/02\/q4-150x150.jpeg 150w, https:\/\/www.somterra.cat\/wp-content\/uploads\/2024\/02\/q4-768x768.jpeg 768w\" sizes=\"auto, (max-width: 300px) 100vw, 300px\" \/><\/a>\n\t\t\t<\/div><\/figure><figure class='gallery-item'>\n\t\t\t<div class='gallery-icon portrait'>\n\t\t\t\t<a data-elementor-open-lightbox=\"yes\" data-elementor-lightbox-slideshow=\"b3a9711\" data-elementor-lightbox-title=\"q5\" data-e-action-hash=\"#elementor-action%3Aaction%3Dlightbox%26settings%3DeyJpZCI6Njk5LCJ1cmwiOiJodHRwczpcL1wvd3d3LnNvbXRlcnJhLmNhdFwvd3AtY29udGVudFwvdXBsb2Fkc1wvMjAyNFwvMDJcL3E1LmpwZWciLCJzbGlkZXNob3ciOiJiM2E5NzExIn0%3D\" href='https:\/\/www.somterra.cat\/wp-content\/uploads\/2024\/02\/q5.jpeg'><img loading=\"lazy\" decoding=\"async\" width=\"300\" height=\"300\" src=\"https:\/\/www.somterra.cat\/wp-content\/uploads\/2024\/02\/q5-300x300.jpeg\" class=\"attachment-medium size-medium\" alt=\"\" srcset=\"https:\/\/www.somterra.cat\/wp-content\/uploads\/2024\/02\/q5-300x300.jpeg 300w, https:\/\/www.somterra.cat\/wp-content\/uploads\/2024\/02\/q5-1024x1024.jpeg 1024w, https:\/\/www.somterra.cat\/wp-content\/uploads\/2024\/02\/q5-150x150.jpeg 150w, https:\/\/www.somterra.cat\/wp-content\/uploads\/2024\/02\/q5-768x768.jpeg 768w\" sizes=\"auto, (max-width: 300px) 100vw, 300px\" \/><\/a>\n\t\t\t<\/div><\/figure><figure class='gallery-item'>\n\t\t\t<div class='gallery-icon portrait'>\n\t\t\t\t<a data-elementor-open-lightbox=\"yes\" data-elementor-lightbox-slideshow=\"b3a9711\" data-elementor-lightbox-title=\"q12\" data-e-action-hash=\"#elementor-action%3Aaction%3Dlightbox%26settings%3DeyJpZCI6Njk0LCJ1cmwiOiJodHRwczpcL1wvd3d3LnNvbXRlcnJhLmNhdFwvd3AtY29udGVudFwvdXBsb2Fkc1wvMjAyNFwvMDJcL3ExMi5qcGVnIiwic2xpZGVzaG93IjoiYjNhOTcxMSJ9\" href='https:\/\/www.somterra.cat\/wp-content\/uploads\/2024\/02\/q12.jpeg'><img loading=\"lazy\" decoding=\"async\" width=\"300\" height=\"300\" src=\"https:\/\/www.somterra.cat\/wp-content\/uploads\/2024\/02\/q12-300x300.jpeg\" class=\"attachment-medium size-medium\" alt=\"\" srcset=\"https:\/\/www.somterra.cat\/wp-content\/uploads\/2024\/02\/q12-300x300.jpeg 300w, https:\/\/www.somterra.cat\/wp-content\/uploads\/2024\/02\/q12-1024x1024.jpeg 1024w, https:\/\/www.somterra.cat\/wp-content\/uploads\/2024\/02\/q12-150x150.jpeg 150w, https:\/\/www.somterra.cat\/wp-content\/uploads\/2024\/02\/q12-768x768.jpeg 768w\" sizes=\"auto, (max-width: 300px) 100vw, 300px\" \/><\/a>\n\t\t\t<\/div><\/figure><figure class='gallery-item'>\n\t\t\t<div class='gallery-icon portrait'>\n\t\t\t\t<a data-elementor-open-lightbox=\"yes\" data-elementor-lightbox-slideshow=\"b3a9711\" data-elementor-lightbox-title=\"q16\" data-e-action-hash=\"#elementor-action%3Aaction%3Dlightbox%26settings%3DeyJpZCI6NjkxLCJ1cmwiOiJodHRwczpcL1wvd3d3LnNvbXRlcnJhLmNhdFwvd3AtY29udGVudFwvdXBsb2Fkc1wvMjAyNFwvMDJcL3ExNi1zY2FsZWQuanBlZyIsInNsaWRlc2hvdyI6ImIzYTk3MTEifQ%3D%3D\" href='https:\/\/www.somterra.cat\/wp-content\/uploads\/2024\/02\/q16-scaled.jpeg'><img loading=\"lazy\" decoding=\"async\" width=\"300\" height=\"300\" src=\"https:\/\/www.somterra.cat\/wp-content\/uploads\/2024\/02\/q16-300x300.jpeg\" class=\"attachment-medium size-medium\" alt=\"\" srcset=\"https:\/\/www.somterra.cat\/wp-content\/uploads\/2024\/02\/q16-300x300.jpeg 300w, https:\/\/www.somterra.cat\/wp-content\/uploads\/2024\/02\/q16-1024x1024.jpeg 1024w, https:\/\/www.somterra.cat\/wp-content\/uploads\/2024\/02\/q16-150x150.jpeg 150w, https:\/\/www.somterra.cat\/wp-content\/uploads\/2024\/02\/q16-768x768.jpeg 768w\" sizes=\"auto, (max-width: 300px) 100vw, 300px\" \/><\/a>\n\t\t\t<\/div><\/figure><figure class='gallery-item'>\n\t\t\t<div class='gallery-icon landscape'>\n\t\t\t\t<a data-elementor-open-lightbox=\"yes\" data-elementor-lightbox-slideshow=\"b3a9711\" data-elementor-lightbox-title=\"q26\" data-e-action-hash=\"#elementor-action%3Aaction%3Dlightbox%26settings%3DeyJpZCI6Njg1LCJ1cmwiOiJodHRwczpcL1wvd3d3LnNvbXRlcnJhLmNhdFwvd3AtY29udGVudFwvdXBsb2Fkc1wvMjAyNFwvMDJcL3EyNi5qcGVnIiwic2xpZGVzaG93IjoiYjNhOTcxMSJ9\" href='https:\/\/www.somterra.cat\/wp-content\/uploads\/2024\/02\/q26.jpeg'><img loading=\"lazy\" decoding=\"async\" width=\"300\" height=\"300\" src=\"https:\/\/www.somterra.cat\/wp-content\/uploads\/2024\/02\/q26-300x300.jpeg\" class=\"attachment-medium size-medium\" alt=\"\" srcset=\"https:\/\/www.somterra.cat\/wp-content\/uploads\/2024\/02\/q26-300x300.jpeg 300w, https:\/\/www.somterra.cat\/wp-content\/uploads\/2024\/02\/q26-1024x1024.jpeg 1024w, https:\/\/www.somterra.cat\/wp-content\/uploads\/2024\/02\/q26-150x150.jpeg 150w, https:\/\/www.somterra.cat\/wp-content\/uploads\/2024\/02\/q26-768x768.jpeg 768w\" sizes=\"auto, (max-width: 300px) 100vw, 300px\" \/><\/a>\n\t\t\t<\/div><\/figure>\n\t\t<\/div>\n\t\t<\/div>\n\t\t\t\t<\/div>\n\t\t\t\t<\/div>\n\t\t\t\t\t<\/div>\n\t\t<\/div>\n\t\t\t\t\t\t\t<\/div>\n\t\t<\/section>\n\t\t\t\t<section class=\"elementor-section elementor-top-section elementor-element elementor-element-221c1d23 elementor-section-stretched elementor-section-content-middle elementor-reverse-mobile elementor-section-boxed elementor-section-height-default elementor-section-height-default\" data-id=\"221c1d23\" data-element_type=\"section\" data-settings=\"{&quot;stretch_section&quot;:&quot;section-stretched&quot;,&quot;background_background&quot;:&quot;classic&quot;}\">\n\t\t\t\t\t\t\t<div class=\"elementor-background-overlay\"><\/div>\n\t\t\t\t\t\t\t<div class=\"elementor-container elementor-column-gap-default\">\n\t\t\t\t\t<div class=\"aux-parallax-section elementor-column elementor-col-33 elementor-top-column elementor-element elementor-element-7b3bb153 aux-appear-watch-animation aux-fade-in-up\" data-id=\"7b3bb153\" data-element_type=\"column\">\n\t\t\t<div class=\"elementor-widget-wrap elementor-element-populated\">\n\t\t\t\t\t\t\t\t<div class=\"elementor-element elementor-element-473d5cd3 elementor-widget elementor-widget-aux_modern_heading\" data-id=\"473d5cd3\" data-element_type=\"widget\" data-widget_type=\"aux_modern_heading.default\">\n\t\t\t\t<div class=\"elementor-widget-container\">\n\t\t\t<section class=\"aux-widget-modern-heading\">\n            <div class=\"aux-widget-inner\"><h2 class=\"aux-modern-heading-primary\">CONTACTAR<\/h2><h3 class=\"aux-modern-heading-secondary\"><span class=\"aux-head-before\">Estamos en contacto<\/span><\/h3><div class=\"aux-modern-heading-divider\"><\/div><div class=\"aux-modern-heading-description\"><p>Cons\u00faltenos sin compromiso<\/p><\/div><\/div>\n        <\/section>\t\t<\/div>\n\t\t\t\t<\/div>\n\t\t\t\t\t<\/div>\n\t\t<\/div>\n\t\t\t\t<div class=\"aux-parallax-section elementor-column elementor-col-33 elementor-top-column elementor-element elementor-element-76c7601f\" data-id=\"76c7601f\" data-element_type=\"column\">\n\t\t\t<div class=\"elementor-widget-wrap\">\n\t\t\t\t\t\t\t\t\t<\/div>\n\t\t<\/div>\n\t\t\t\t<div class=\"aux-parallax-section elementor-column elementor-col-33 elementor-top-column elementor-element elementor-element-4599d7c7 aux-appear-watch-animation aux-fade-in-up-1\" data-id=\"4599d7c7\" data-element_type=\"column\">\n\t\t\t<div class=\"elementor-widget-wrap elementor-element-populated\">\n\t\t\t\t\t\t\t\t<div class=\"elementor-element elementor-element-156d2c70 elementor-widget elementor-widget-text-editor\" data-id=\"156d2c70\" data-element_type=\"widget\" data-widget_type=\"text-editor.default\">\n\t\t\t\t<div class=\"elementor-widget-container\">\n\t\t\t\t\t\t\t<div>+34 607 163 310<\/div><div>+34 661 733 975<span class=\"margin\"><br \/>De dilluns a divendres<\/span><\/div><div><span class=\"margin\"><br \/>07.00 &#8211; 18.00<br \/><\/span><\/div>\t\t\t\t\t\t<\/div>\n\t\t\t\t<\/div>\n\t\t\t\t\t<\/div>\n\t\t<\/div>\n\t\t\t\t\t\t\t<\/div>\n\t\t<\/section>\n\t\t\t\t\t\t\t<\/div>","protected":false},"excerpt":{"rendered":"<p>Jardineria iServeis forestals BENVINGUTS a SomTerra Som especialistes en Jardineria i serveis forestals. -Poda d&#8217;al\u00e7ada-Tala d&#8217;arbres-Desbrossaments verticals-Altres treballs forestals i jardiner\u00eda(Especialitzats en al\u00e7ada). M\u00e9s informaci\u00f3 Aguns dels nostres treballs Galeria CONTACTAR Estem en contacte Consulti&#8217;ns sense comprom\u00eds +34 607 163 310+34 661 733 975De dilluns a divendres07.00 &#8211; 18.00<\/p>","protected":false},"author":1,"featured_media":0,"parent":0,"menu_order":0,"comment_status":"closed","ping_status":"closed","template":"templates\/page-builder-content.php","meta":{"_joinchat":[],"footnotes":""},"class_list":["post-576","page","type-page","status-publish","hentry"],"_links":{"self":[{"href":"https:\/\/www.somterra.cat\/es\/wp-json\/wp\/v2\/pages\/576","targetHints":{"allow":["GET"]}}],"collection":[{"href":"https:\/\/www.somterra.cat\/es\/wp-json\/wp\/v2\/pages"}],"about":[{"href":"https:\/\/www.somterra.cat\/es\/wp-json\/wp\/v2\/types\/page"}],"author":[{"embeddable":true,"href":"https:\/\/www.somterra.cat\/es\/wp-json\/wp\/v2\/users\/1"}],"replies":[{"embeddable":true,"href":"https:\/\/www.somterra.cat\/es\/wp-json\/wp\/v2\/comments?post=576"}],"version-history":[{"count":119,"href":"https:\/\/www.somterra.cat\/es\/wp-json\/wp\/v2\/pages\/576\/revisions"}],"predecessor-version":[{"id":849,"href":"https:\/\/www.somterra.cat\/es\/wp-json\/wp\/v2\/pages\/576\/revisions\/849"}],"wp:attachment":[{"href":"https:\/\/www.somterra.cat\/es\/wp-json\/wp\/v2\/media?parent=576"}],"curies":[{"name":"wp","href":"https:\/\/api.w.org\/{rel}","templated":true}]}}