{"id":584,"date":"2018-06-19T10:45:59","date_gmt":"2018-06-19T08:45:59","guid":{"rendered":"https:\/\/www.somterra.cat\/?page_id=584"},"modified":"2024-03-20T11:10:34","modified_gmt":"2024-03-20T10:10:34","slug":"services","status":"publish","type":"page","link":"https:\/\/www.somterra.cat\/es\/services\/","title":{"rendered":"Services"},"content":{"rendered":"<div data-elementor-type=\"wp-post\" data-elementor-id=\"584\" class=\"elementor elementor-584\">\n\t\t\t\t\t\t\t\t\t<section class=\"elementor-section elementor-top-section elementor-element elementor-element-326e56ec elementor-section-stretched elementor-section-height-min-height elementor-section-boxed elementor-section-height-default elementor-section-items-middle\" data-id=\"326e56ec\" data-element_type=\"section\" data-settings=\"{&quot;stretch_section&quot;:&quot;section-stretched&quot;,&quot;background_background&quot;:&quot;classic&quot;}\">\n\t\t\t\t\t\t<div class=\"elementor-container elementor-column-gap-default\">\n\t\t\t\t\t<div class=\"aux-parallax-section elementor-column elementor-col-100 elementor-top-column elementor-element elementor-element-5b0142d aux-appear-watch-animation aux-fade-in-right\" data-id=\"5b0142d\" data-element_type=\"column\">\n\t\t\t<div class=\"elementor-widget-wrap elementor-element-populated\">\n\t\t\t\t\t\t\t\t<div class=\"elementor-element elementor-element-76517dc elementor-widget elementor-widget-aux_modern_heading\" data-id=\"76517dc\" data-element_type=\"widget\" data-widget_type=\"aux_modern_heading.default\">\n\t\t\t\t<div class=\"elementor-widget-container\">\n\t\t\t<section class=\"aux-widget-modern-heading\">\n            <div class=\"aux-widget-inner\"><h2 class=\"aux-modern-heading-primary\">Servicios<\/h2><\/div>\n        <\/section>\t\t<\/div>\n\t\t\t\t<\/div>\n\t\t\t\t\t<\/div>\n\t\t<\/div>\n\t\t\t\t\t\t\t<\/div>\n\t\t<\/section>\n\t\t\t\t<section class=\"elementor-section elementor-top-section elementor-element elementor-element-5163cfba elementor-section-stretched elementor-section-boxed elementor-section-height-default elementor-section-height-default\" data-id=\"5163cfba\" data-element_type=\"section\" data-settings=\"{&quot;stretch_section&quot;:&quot;section-stretched&quot;}\">\n\t\t\t\t\t\t<div class=\"elementor-container elementor-column-gap-default\">\n\t\t\t\t\t<div class=\"aux-parallax-section elementor-column elementor-col-100 elementor-top-column elementor-element elementor-element-45f74a97\" data-id=\"45f74a97\" data-element_type=\"column\">\n\t\t\t<div class=\"elementor-widget-wrap elementor-element-populated\">\n\t\t\t\t\t\t\t\t<div class=\"elementor-element elementor-element-5014eafe aux-appear-watch-animation aux-fade-in-up elementor-widget elementor-widget-aux_modern_heading\" data-id=\"5014eafe\" data-element_type=\"widget\" data-widget_type=\"aux_modern_heading.default\">\n\t\t\t\t<div class=\"elementor-widget-container\">\n\t\t\t<section class=\"aux-widget-modern-heading\">\n            <div class=\"aux-widget-inner\"><h2 class=\"aux-modern-heading-primary\">Especialistas en<\/h2><h3 class=\"aux-modern-heading-secondary\"><span class=\"aux-head-before\">Desbroce y tala<\/span><\/h3><div class=\"aux-modern-heading-divider\"><\/div><\/div>\n        <\/section>\t\t<\/div>\n\t\t\t\t<\/div>\n\t\t\t\t<section class=\"elementor-section elementor-inner-section elementor-element elementor-element-7809a3ba elementor-section-boxed elementor-section-height-default elementor-section-height-default\" data-id=\"7809a3ba\" data-element_type=\"section\">\n\t\t\t\t\t\t<div class=\"elementor-container elementor-column-gap-default\">\n\t\t\t\t\t<div class=\"aux-parallax-section elementor-column elementor-col-50 elementor-inner-column elementor-element elementor-element-4758f185 aux-appear-watch-animation aux-scale-down\" data-id=\"4758f185\" data-element_type=\"column\">\n\t\t\t<div class=\"elementor-widget-wrap elementor-element-populated\">\n\t\t\t\t\t\t\t\t<div class=\"elementor-element elementor-element-4aac6395 aux-arch-home-services-box elementor-widget elementor-widget-aux_text\" data-id=\"4aac6395\" data-element_type=\"widget\" data-widget_type=\"aux_text.default\">\n\t\t\t\t<div class=\"elementor-widget-container\">\n\t\t\t<section class=\"widget-container aux-widget-text aux-parent-au66194b9d\">        <div class=\"aux-widget-advanced-text aux-wrap-style-simple aux-ico-pos-top aux-text-center aux-text-resp- aux-text-color-dark aux-text-widget-bg-center\" >\n        \n                            <div class=\"aux-text-widget-header\"  >\n                        <div class=\"aux-ico-box aux-ico-large aux-ico-shape-circle aux-ico-clear\">\n                                                            <span class=\"aux-ico fas fa-link\" > <\/span>\n                                                    <\/div>\n                <\/div>\n            \n            <div class=\"aux-text-inner aux-text-widget-content\">\n                                <h4 class=\"col-title\">DESBRO\u00c7AMENTS<br>VERTICALS<\/h4>\n                                <div class=\"widget-content\">\n                                        <p>Eliminaci\u00f3n selectiva mediante desbroce manual en caso de que sea necesario controlar el crecimiento de la vegetaci\u00f3n.<\/p>                <\/div>\n                            <\/div>\n        <\/div>\n                    <div class=\"aux-text-widget-footer\">\n                <div class=\"aux-border-shape-none\">\n                                <\/div>\n            <\/div>\n        \n<\/section><!-- widget-container -->\t\t<\/div>\n\t\t\t\t<\/div>\n\t\t\t\t\t<\/div>\n\t\t<\/div>\n\t\t\t\t<div class=\"aux-parallax-section elementor-column elementor-col-50 elementor-inner-column elementor-element elementor-element-50f2695e aux-appear-watch-animation aux-scale-down\" data-id=\"50f2695e\" data-element_type=\"column\">\n\t\t\t<div class=\"elementor-widget-wrap elementor-element-populated\">\n\t\t\t\t\t\t\t\t<div class=\"elementor-element elementor-element-4a5edc85 aux-arch-home-services-box elementor-widget elementor-widget-aux_text\" data-id=\"4a5edc85\" data-element_type=\"widget\" data-widget_type=\"aux_text.default\">\n\t\t\t\t<div class=\"elementor-widget-container\">\n\t\t\t<section class=\"widget-container aux-widget-text aux-parent-aud0462ade\">        <div class=\"aux-widget-advanced-text aux-wrap-style-simple aux-ico-pos-top aux-text-center aux-text-resp- aux-text-color-dark aux-text-widget-bg-center\" >\n        \n                            <div class=\"aux-text-widget-header\"  >\n                        <div class=\"aux-ico-box aux-ico-large aux-ico-shape-circle aux-ico-clear\">\n                                                            <span class=\"aux-ico fas fa-tree\" > <\/span>\n                                                    <\/div>\n                <\/div>\n            \n            <div class=\"aux-text-inner aux-text-widget-content\">\n                                <h4 class=\"col-title\">TALA<br>D'ARBRES<\/h4>\n                                <div class=\"widget-content\">\n                                        <p>Tala de arbolado y trabajos en altura mediante trepa, espacios de dif\u00edcil acceso as\u00ed como en \u00e1rboles de grandes dimensiones.<\/p>                <\/div>\n                            <\/div>\n        <\/div>\n                    <div class=\"aux-text-widget-footer\">\n                <div class=\"aux-border-shape-none\">\n                                <\/div>\n            <\/div>\n        \n<\/section><!-- widget-container -->\t\t<\/div>\n\t\t\t\t<\/div>\n\t\t\t\t\t<\/div>\n\t\t<\/div>\n\t\t\t\t\t\t\t<\/div>\n\t\t<\/section>\n\t\t\t\t<section class=\"elementor-section elementor-inner-section elementor-element elementor-element-6f10278 elementor-section-boxed elementor-section-height-default elementor-section-height-default\" data-id=\"6f10278\" data-element_type=\"section\">\n\t\t\t\t\t\t<div class=\"elementor-container elementor-column-gap-default\">\n\t\t\t\t\t<div class=\"aux-parallax-section elementor-column elementor-col-50 elementor-inner-column elementor-element elementor-element-50e19a5 aux-appear-watch-animation aux-scale-down\" data-id=\"50e19a5\" data-element_type=\"column\">\n\t\t\t<div class=\"elementor-widget-wrap\">\n\t\t\t\t\t\t\t\t\t<\/div>\n\t\t<\/div>\n\t\t\t\t<div class=\"aux-parallax-section elementor-column elementor-col-50 elementor-inner-column elementor-element elementor-element-76eee46 aux-appear-watch-animation aux-scale-down\" data-id=\"76eee46\" data-element_type=\"column\">\n\t\t\t<div class=\"elementor-widget-wrap elementor-element-populated\">\n\t\t\t\t\t\t\t\t<div class=\"elementor-element elementor-element-023d88c aux-arch-home-services-box elementor-widget elementor-widget-aux_text\" data-id=\"023d88c\" data-element_type=\"widget\" data-widget_type=\"aux_text.default\">\n\t\t\t\t<div class=\"elementor-widget-container\">\n\t\t\t<section class=\"widget-container aux-widget-text aux-parent-au5c1a37eb\">        <div class=\"aux-widget-advanced-text aux-wrap-style-simple aux-ico-pos-top aux-text-center aux-text-resp- aux-text-color-dark aux-text-widget-bg-center\" >\n        \n                            <div class=\"aux-text-widget-header\"  >\n                        <div class=\"aux-ico-box aux-ico-large aux-ico-shape-circle aux-ico-clear\">\n                                                            <span class=\"aux-ico far fa-sun\" > <\/span>\n                                                    <\/div>\n                <\/div>\n            \n            <div class=\"aux-text-inner aux-text-widget-content\">\n                                <h4 class=\"col-title\">ALTRES TREBALLS<br>FORESTALS I JARDINER\u00cdA<\/h4>\n                                <div class=\"widget-content\">\n                                        <p>Tala de arbolado y trabajos en altura mediante trepa, espacios de dif\u00edcil acceso as\u00ed como en \u00e1rboles de grandes dimensiones.<\/p>                <\/div>\n                            <\/div>\n        <\/div>\n                    <div class=\"aux-text-widget-footer\">\n                <div class=\"aux-border-shape-none\">\n                                <\/div>\n            <\/div>\n        \n<\/section><!-- widget-container -->\t\t<\/div>\n\t\t\t\t<\/div>\n\t\t\t\t<div class=\"elementor-element elementor-element-1059625 aux-arch-home-services-box elementor-widget elementor-widget-aux_text\" data-id=\"1059625\" data-element_type=\"widget\" data-widget_type=\"aux_text.default\">\n\t\t\t\t<div class=\"elementor-widget-container\">\n\t\t\t<section class=\"widget-container aux-widget-text aux-parent-au294d331a\">        <div class=\"aux-widget-advanced-text aux-wrap-style-simple aux-ico-pos-top aux-text-center aux-text-resp- aux-text-color-dark aux-text-widget-bg-center\" >\n        \n                            <div class=\"aux-text-widget-header\"  >\n                        <div class=\"aux-ico-box aux-ico-large aux-ico-shape-circle aux-ico-clear\">\n                                                            <span class=\"aux-ico fas fa-arrows-alt-v\" > <\/span>\n                                                    <\/div>\n                <\/div>\n            \n            <div class=\"aux-text-inner aux-text-widget-content\">\n                                <h4 class=\"col-title\">PODA<br>D'AL\u00c7ADA<\/h4>\n                                <div class=\"widget-content\">\n                                        <p>Poda d'arbres poc accesibles aix\u00ed com arbustos de gran altura.<\/p>                <\/div>\n                            <\/div>\n        <\/div>\n                    <div class=\"aux-text-widget-footer\">\n                <div class=\"aux-border-shape-none\">\n                                <\/div>\n            <\/div>\n        \n<\/section><!-- widget-container -->\t\t<\/div>\n\t\t\t\t<\/div>\n\t\t\t\t\t<\/div>\n\t\t<\/div>\n\t\t\t\t\t\t\t<\/div>\n\t\t<\/section>\n\t\t\t\t\t<\/div>\n\t\t<\/div>\n\t\t\t\t\t\t\t<\/div>\n\t\t<\/section>\n\t\t\t\t<section class=\"elementor-section elementor-top-section elementor-element elementor-element-529f446 elementor-section-boxed elementor-section-height-default elementor-section-height-default\" data-id=\"529f446\" data-element_type=\"section\">\n\t\t\t\t\t\t<div class=\"elementor-container elementor-column-gap-default\">\n\t\t\t\t\t<div class=\"aux-parallax-section elementor-column elementor-col-100 elementor-top-column elementor-element elementor-element-8a4b97b\" data-id=\"8a4b97b\" data-element_type=\"column\">\n\t\t\t<div class=\"elementor-widget-wrap elementor-element-populated\">\n\t\t\t\t\t\t\t\t<div class=\"elementor-element elementor-element-9d610dc gallery-spacing-custom elementor-widget elementor-widget-image-gallery\" data-id=\"9d610dc\" data-element_type=\"widget\" data-widget_type=\"image-gallery.default\">\n\t\t\t\t<div class=\"elementor-widget-container\">\n\t\t\t\t\t<div class=\"elementor-image-gallery\">\n\t\t\t<div id='gallery-1' class='gallery galleryid-584 gallery-columns-4 gallery-size-large'><figure class='gallery-item'>\n\t\t\t<div class='gallery-icon portrait'>\n\t\t\t\t<a data-elementor-open-lightbox=\"yes\" data-elementor-lightbox-slideshow=\"9d610dc\" data-elementor-lightbox-title=\"PHOTO-2024-02-08-22-14-01\" data-e-action-hash=\"#elementor-action%3Aaction%3Dlightbox%26settings%3DeyJpZCI6NzA2LCJ1cmwiOiJodHRwczpcL1wvd3d3LnNvbXRlcnJhLmNhdFwvd3AtY29udGVudFwvdXBsb2Fkc1wvMjAyNFwvMDJcL1BIT1RPLTIwMjQtMDItMDgtMjItMTQtMDEuanBnIiwic2xpZGVzaG93IjoiOWQ2MTBkYyJ9\" href='https:\/\/www.somterra.cat\/wp-content\/uploads\/2024\/02\/PHOTO-2024-02-08-22-14-01.jpg'><img loading=\"lazy\" decoding=\"async\" width=\"1024\" height=\"1024\" src=\"https:\/\/www.somterra.cat\/wp-content\/uploads\/2024\/02\/PHOTO-2024-02-08-22-14-01-1024x1024.jpg\" class=\"attachment-large size-large\" alt=\"\" srcset=\"https:\/\/www.somterra.cat\/wp-content\/uploads\/2024\/02\/PHOTO-2024-02-08-22-14-01-1024x1024.jpg 1024w, https:\/\/www.somterra.cat\/wp-content\/uploads\/2024\/02\/PHOTO-2024-02-08-22-14-01-300x300.jpg 300w, https:\/\/www.somterra.cat\/wp-content\/uploads\/2024\/02\/PHOTO-2024-02-08-22-14-01-150x150.jpg 150w, https:\/\/www.somterra.cat\/wp-content\/uploads\/2024\/02\/PHOTO-2024-02-08-22-14-01-768x768.jpg 768w\" sizes=\"auto, (max-width: 1024px) 100vw, 1024px\" \/><\/a>\n\t\t\t<\/div><\/figure><figure class='gallery-item'>\n\t\t\t<div class='gallery-icon portrait'>\n\t\t\t\t<a data-elementor-open-lightbox=\"yes\" data-elementor-lightbox-slideshow=\"9d610dc\" data-elementor-lightbox-title=\"q1\" data-e-action-hash=\"#elementor-action%3Aaction%3Dlightbox%26settings%3DeyJpZCI6NzAzLCJ1cmwiOiJodHRwczpcL1wvd3d3LnNvbXRlcnJhLmNhdFwvd3AtY29udGVudFwvdXBsb2Fkc1wvMjAyNFwvMDJcL3ExLmpwZWciLCJzbGlkZXNob3ciOiI5ZDYxMGRjIn0%3D\" href='https:\/\/www.somterra.cat\/wp-content\/uploads\/2024\/02\/q1.jpeg'><img loading=\"lazy\" decoding=\"async\" width=\"1024\" height=\"1024\" src=\"https:\/\/www.somterra.cat\/wp-content\/uploads\/2024\/02\/q1-1024x1024.jpeg\" class=\"attachment-large size-large\" alt=\"\" srcset=\"https:\/\/www.somterra.cat\/wp-content\/uploads\/2024\/02\/q1-1024x1024.jpeg 1024w, https:\/\/www.somterra.cat\/wp-content\/uploads\/2024\/02\/q1-300x300.jpeg 300w, https:\/\/www.somterra.cat\/wp-content\/uploads\/2024\/02\/q1-150x150.jpeg 150w, https:\/\/www.somterra.cat\/wp-content\/uploads\/2024\/02\/q1-768x768.jpeg 768w\" sizes=\"auto, (max-width: 1024px) 100vw, 1024px\" \/><\/a>\n\t\t\t<\/div><\/figure><figure class='gallery-item'>\n\t\t\t<div class='gallery-icon landscape'>\n\t\t\t\t<a data-elementor-open-lightbox=\"yes\" data-elementor-lightbox-slideshow=\"9d610dc\" data-elementor-lightbox-title=\"q6\" data-e-action-hash=\"#elementor-action%3Aaction%3Dlightbox%26settings%3DeyJpZCI6Njk4LCJ1cmwiOiJodHRwczpcL1wvd3d3LnNvbXRlcnJhLmNhdFwvd3AtY29udGVudFwvdXBsb2Fkc1wvMjAyNFwvMDJcL3E2LmpwZWciLCJzbGlkZXNob3ciOiI5ZDYxMGRjIn0%3D\" href='https:\/\/www.somterra.cat\/wp-content\/uploads\/2024\/02\/q6.jpeg'><img loading=\"lazy\" decoding=\"async\" width=\"1024\" height=\"1024\" src=\"https:\/\/www.somterra.cat\/wp-content\/uploads\/2024\/02\/q6-1024x1024.jpeg\" class=\"attachment-large size-large\" alt=\"\" srcset=\"https:\/\/www.somterra.cat\/wp-content\/uploads\/2024\/02\/q6-1024x1024.jpeg 1024w, https:\/\/www.somterra.cat\/wp-content\/uploads\/2024\/02\/q6-300x300.jpeg 300w, https:\/\/www.somterra.cat\/wp-content\/uploads\/2024\/02\/q6-150x150.jpeg 150w, https:\/\/www.somterra.cat\/wp-content\/uploads\/2024\/02\/q6-768x768.jpeg 768w\" sizes=\"auto, (max-width: 1024px) 100vw, 1024px\" \/><\/a>\n\t\t\t<\/div><\/figure><figure class='gallery-item'>\n\t\t\t<div class='gallery-icon portrait'>\n\t\t\t\t<a data-elementor-open-lightbox=\"yes\" data-elementor-lightbox-slideshow=\"9d610dc\" data-elementor-lightbox-title=\"q15\" data-e-action-hash=\"#elementor-action%3Aaction%3Dlightbox%26settings%3DeyJpZCI6NjkyLCJ1cmwiOiJodHRwczpcL1wvd3d3LnNvbXRlcnJhLmNhdFwvd3AtY29udGVudFwvdXBsb2Fkc1wvMjAyNFwvMDJcL3ExNS1zY2FsZWQuanBlZyIsInNsaWRlc2hvdyI6IjlkNjEwZGMifQ%3D%3D\" href='https:\/\/www.somterra.cat\/wp-content\/uploads\/2024\/02\/q15-scaled.jpeg'><img loading=\"lazy\" decoding=\"async\" width=\"1024\" height=\"1024\" src=\"https:\/\/www.somterra.cat\/wp-content\/uploads\/2024\/02\/q15-1024x1024.jpeg\" class=\"attachment-large size-large\" alt=\"\" srcset=\"https:\/\/www.somterra.cat\/wp-content\/uploads\/2024\/02\/q15-1024x1024.jpeg 1024w, https:\/\/www.somterra.cat\/wp-content\/uploads\/2024\/02\/q15-300x300.jpeg 300w, https:\/\/www.somterra.cat\/wp-content\/uploads\/2024\/02\/q15-150x150.jpeg 150w, https:\/\/www.somterra.cat\/wp-content\/uploads\/2024\/02\/q15-768x768.jpeg 768w\" sizes=\"auto, (max-width: 1024px) 100vw, 1024px\" \/><\/a>\n\t\t\t<\/div><\/figure>\n\t\t<\/div>\n\t\t<\/div>\n\t\t\t\t<\/div>\n\t\t\t\t<\/div>\n\t\t\t\t\t<\/div>\n\t\t<\/div>\n\t\t\t\t\t\t\t<\/div>\n\t\t<\/section>\n\t\t\t\t<section class=\"elementor-section elementor-top-section elementor-element elementor-element-6d09b974 elementor-section-stretched elementor-section-boxed elementor-section-height-default elementor-section-height-default\" data-id=\"6d09b974\" data-element_type=\"section\" data-settings=\"{&quot;background_background&quot;:&quot;classic&quot;,&quot;stretch_section&quot;:&quot;section-stretched&quot;}\">\n\t\t\t\t\t\t\t<div class=\"elementor-background-overlay\"><\/div>\n\t\t\t\t\t\t\t<div class=\"elementor-container elementor-column-gap-default\">\n\t\t\t\t\t<div class=\"aux-parallax-section elementor-column elementor-col-100 elementor-top-column elementor-element elementor-element-5b75bf34\" data-id=\"5b75bf34\" data-element_type=\"column\">\n\t\t\t<div class=\"elementor-widget-wrap elementor-element-populated\">\n\t\t\t\t\t\t\t\t<div class=\"elementor-element elementor-element-22aadcef aux-appear-watch-animation aux-scale-down elementor-widget elementor-widget-aux_modern_heading\" data-id=\"22aadcef\" data-element_type=\"widget\" data-widget_type=\"aux_modern_heading.default\">\n\t\t\t\t<div class=\"elementor-widget-container\">\n\t\t\t<section class=\"aux-widget-modern-heading\">\n            <div class=\"aux-widget-inner\"><h2 class=\"aux-modern-heading-primary\">Cont\u00e1ctanos<\/h2><div class=\"aux-modern-heading-description\"><p>Buscamos soluciones rentables y eficientes en nuestros servicios de poda y desbroce.<\/p><\/div><\/div>\n        <\/section>\t\t<\/div>\n\t\t\t\t<\/div>\n\t\t\t\t<div class=\"elementor-element elementor-element-24b8bd3 elementor-widget elementor-widget-aux_modern_button\" data-id=\"24b8bd3\" data-element_type=\"widget\" data-widget_type=\"aux_modern_button.default\">\n\t\t\t\t<div class=\"elementor-widget-container\">\n\t\t\t    <div class=\"aux-modern-button-wrapper aux-modern-button-align-center\" >\n                    <a class=\"aux-modern-button aux-black aux-modern-button-xl aux-modern-button-normal aux-modern-button-default aux-icon-right\" href=\"https:\/\/www.somterra.cat\/es\/contact-us\/\">\n                <div class=\"aux-overlay\"><\/div>\n                                    <div class=\"aux-icon\">\n                        <i aria-hidden=\"true\" class=\"auxicon2 auxicon2-arrow-chevron-small-right\"><\/i>                    <\/div>\n                                <div class=\"aux-text\">\n<span class=\"aux-text-before\">Contactar<\/span>                <\/div>\n            <\/a>\n            \n    <\/div>\n\n    \t\t<\/div>\n\t\t\t\t<\/div>\n\t\t\t\t\t<\/div>\n\t\t<\/div>\n\t\t\t\t\t\t\t<\/div>\n\t\t<\/section>\n\t\t\t\t\t\t\t<\/div>","protected":false},"excerpt":{"rendered":"<p>Serveis Especialistes en Desbro\u00e7ament i tala DESBRO\u00c7AMENTSVERTICALS Eliminaci\u00f3 selectiva mitjan\u00e7ant desbro\u00e7ament manual en cas que sigui necessari controlar el creixement de la vegetaci\u00f3. TALAD&#8217;ARBRES Tala d&#8217;arbrat I treballs en altura mitjan\u00e7ant grimpa, espais de dif\u00edcil acc\u00e9s aix\u00ed com en arbres de grans dimensions. ALTRES TREBALLSFORESTALS I JARDINER\u00cdA Tala d&#8217;arbrat I treballs en altura mitjan\u00e7ant grimpa, [&hellip;]<\/p>","protected":false},"author":1,"featured_media":0,"parent":0,"menu_order":0,"comment_status":"closed","ping_status":"closed","template":"templates\/page-builder-content.php","meta":{"_joinchat":[],"footnotes":""},"class_list":["post-584","page","type-page","status-publish","hentry"],"_links":{"self":[{"href":"https:\/\/www.somterra.cat\/es\/wp-json\/wp\/v2\/pages\/584","targetHints":{"allow":["GET"]}}],"collection":[{"href":"https:\/\/www.somterra.cat\/es\/wp-json\/wp\/v2\/pages"}],"about":[{"href":"https:\/\/www.somterra.cat\/es\/wp-json\/wp\/v2\/types\/page"}],"author":[{"embeddable":true,"href":"https:\/\/www.somterra.cat\/es\/wp-json\/wp\/v2\/users\/1"}],"replies":[{"embeddable":true,"href":"https:\/\/www.somterra.cat\/es\/wp-json\/wp\/v2\/comments?post=584"}],"version-history":[{"count":24,"href":"https:\/\/www.somterra.cat\/es\/wp-json\/wp\/v2\/pages\/584\/revisions"}],"predecessor-version":[{"id":811,"href":"https:\/\/www.somterra.cat\/es\/wp-json\/wp\/v2\/pages\/584\/revisions\/811"}],"wp:attachment":[{"href":"https:\/\/www.somterra.cat\/es\/wp-json\/wp\/v2\/media?parent=584"}],"curies":[{"name":"wp","href":"https:\/\/api.w.org\/{rel}","templated":true}]}}